{"id":50712,"date":"2021-11-16T10:51:16","date_gmt":"2021-11-16T10:51:16","guid":{"rendered":"https:\/\/fuss-und-handpflege.ch\/impressum\/"},"modified":"2022-01-04T09:14:25","modified_gmt":"2022-01-04T09:14:25","slug":"impressum","status":"publish","type":"page","link":"https:\/\/fuss-und-handpflege.ch\/ru\/impressum\/","title":{"rendered":"\u043e\u0442\u043f\u0435\u0447\u0430\u0442\u043e\u043a"},"content":{"rendered":"<p>[et_pb_section fb_built=&#187;1&#8243; custom_padding_last_edited=&#187;on|phone&#187; admin_label=&#187;Header&#187; _builder_version=&#187;4.14.4&#8243; use_background_color_gradient=&#187;on&#187; background_color_gradient_start=&#187;rgba(0,0,0,0)&#187; background_color_gradient_end=&#187;rgba(22,29,67,0.3)&#187; background_color_gradient_direction=&#187;200deg&#187; background_color_gradient_start_position=&#187;62%&#187; background_color_gradient_overlays_image=&#187;on&#187; background_image=&#187;https:\/\/fuss-und-handpflege.ch\/wp-content\/uploads\/2022\/01\/impressum-ksenia-beauty.jpg&#187; background_position=&#187;top_center&#187; custom_padding=&#187;20.3vw|10vw|0px|0px|false|false&#187; custom_padding_tablet=&#187;62vw||||false|false&#187; custom_padding_phone=&#187;|10vw||&#187; animation_style=&#187;fade&#187; animation_starting_opacity=&#187;5%&#187; animation_speed_curve=&#187;ease-out&#187; background_last_edited=&#187;on|desktop&#187; border_radii=&#187;off||16vw||16vw&#187; global_colors_info=&#187;{}&#187;][et_pb_row use_custom_gutter=&#187;on&#187; gutter_width=&#187;1&#8243; make_equal=&#187;on&#187; custom_padding_last_edited=&#187;on|desktop&#187; padding_top_bottom_link_1=&#187;true&#187; padding_top_bottom_link_2=&#187;true&#187; padding_left_right_link_1=&#187;false&#187; _builder_version=&#187;4.13.1&#8243; use_background_color_gradient=&#187;on&#187; background_color_gradient_start=&#187;rgba(255,255,255,0.4)&#187; background_color_gradient_end=&#187;rgba(255,255,255,0.88)&#187; background_color_gradient_direction=&#187;90deg&#187; background_color_gradient_start_position=&#187;70%&#187; width=&#187;100%&#187; max_width=&#187;100%&#187; module_alignment=&#187;left&#187; custom_margin=&#187;8vw||||false|false&#187; custom_margin_tablet=&#187;0vw|||&#187; custom_margin_last_edited=&#187;off|desktop&#187; custom_padding=&#187;||0px||false|false&#187; custom_padding_tablet=&#187;|||0vw&#187; custom_padding_phone=&#187;&#187; animation_style=&#187;slide&#187; animation_direction=&#187;left&#187; animation_intensity_slide=&#187;5%&#187; background_last_edited=&#187;on|tablet&#187; use_background_color_gradient_phone=&#187;on&#187; background_color_gradient_start_phone=&#187;rgba(255,255,255,0.7)&#187; module_alignment_tablet=&#187;left&#187; module_alignment_phone=&#187;left&#187; module_alignment_last_edited=&#187;on|phone&#187; border_radii=&#187;off||16vw||&#187; use_custom_width=&#187;on&#187; width_unit=&#187;off&#187; custom_width_percent=&#187;100%&#187; locked=&#187;off&#187; global_colors_info=&#187;{}&#187;][et_pb_column type=&#187;4_4&#8243; _builder_version=&#187;4.11.3&#8243; custom_padding=&#187;80px|40px|80px|10vw&#187; custom_padding_tablet=&#187;40px||20px||false&#187; custom_padding_phone=&#187;|||&#187; custom_padding_last_edited=&#187;on|phone&#187; global_colors_info=&#187;{}&#187; padding_phone=&#187;|||&#187; padding_tablet=&#187;40px||20px||false&#187; padding_last_edited=&#187;on|phone&#187; custom_padding__hover=&#187;|||&#187;][et_pb_text _builder_version=&#187;4.14.4&#8243; text_font=&#187;||||||||&#187; header_font=&#187;Cormorant Garamond||||||||&#187; header_text_color=&#187;#FFFFFF&#187; header_font_size=&#187;100px&#187; header_6_font=&#187;Open Sans|700||on|||||&#187; header_6_text_color=&#187;#E02B20&#8243; header_6_letter_spacing=&#187;5px&#187; header_6_line_height=&#187;1.6em&#187; background_layout=&#187;dark&#187; max_width_tablet=&#187;90%&#187; max_width_phone=&#187;100%&#187; max_width_last_edited=&#187;on|phone&#187; module_alignment=&#187;right&#187; animation_style=&#187;zoom&#187; animation_intensity_zoom=&#187;5%&#187; header_text_color_tablet=&#187;&#187; header_text_color_phone=&#187;#000000&#8243; header_text_color_last_edited=&#187;on|phone&#187; header_font_size_tablet=&#187;48px&#187; header_font_size_phone=&#187;32px&#187; header_font_size_last_edited=&#187;on|phone&#187; header_6_text_color_tablet=&#187;#E02B20&#8243; header_6_text_color_phone=&#187;&#187; header_6_text_color_last_edited=&#187;on|tablet&#187; header_6_font_size_tablet=&#187;&#187; header_6_font_size_phone=&#187;&#187; header_6_font_size_last_edited=&#187;on|desktop&#187; text_text_shadow_style=&#187;preset3&#8243; text_text_shadow_blur_strength=&#187;3em&#187; text_text_shadow_color=&#187;rgba(22,29,67,0.24)&#187; locked=&#187;off&#187; global_colors_info=&#187;{}&#187; header_5_font_size__hover=&#187;16px&#187; header_5_font_size__hover_enabled=&#187;16px&#187; header_5_letter_spacing__hover=&#187;0px&#187; header_5_letter_spacing__hover_enabled=&#187;0px&#187; header_5_line_height__hover=&#187;1em&#187; header_5_line_height__hover_enabled=&#187;1em&#187; header_5_text_shadow_style__hover=&#187;none&#187; header_5_text_shadow_style__hover_enabled=&#187;none&#187; header_5_text_shadow_color__hover=&#187;rgba(0,0,0,0.4)&#187; header_5_text_shadow_color__hover_enabled=&#187;rgba(0,0,0,0.4)&#187;]<\/p>\n<h6><\/h6>\n<h1>\u043e\u0442\u043f\u0435\u0447\u0430\u0442\u043e\u043a<\/h1>\n<p>[\/et_pb_text][\/et_pb_column][\/et_pb_row][\/et_pb_section][et_pb_section fb_built=&#187;1&#8243; custom_padding_last_edited=&#187;on|desktop&#187; admin_label=&#187;Contact Info&#187; _builder_version=&#187;4.13.1&#8243; use_background_color_gradient=&#187;on&#187; background_color_gradient_start=&#187;rgba(0,0,0,0)&#187; background_color_gradient_end=&#187;rgba(0,0,0,0)&#187; background_color_gradient_type=&#187;radial&#187; background_color_gradient_start_position=&#187;14%&#187; background_color_gradient_end_position=&#187;0%&#187; custom_margin=&#187;0px||0px||true|false&#187; custom_margin_tablet=&#187;100px||100px||true|false&#187; custom_margin_phone=&#187;80px||80px||true|false&#187; custom_margin_last_edited=&#187;on|phone&#187; custom_padding=&#187;4vw|0px|4vw|0px|true|false&#187; custom_padding_tablet=&#187;0px|0px|0vw|0px|false|false&#187; custom_padding_phone=&#187;0px|0px|54px|0px|false|false&#187; global_colors_info=&#187;{}&#187;][et_pb_row _builder_version=&#187;4.13.1&#8243; _module_preset=&#187;default&#187; global_colors_info=&#187;{}&#187;][et_pb_column type=&#187;4_4&#8243; _builder_version=&#187;4.13.1&#8243; _module_preset=&#187;default&#187; global_colors_info=&#187;{}&#187;][et_pb_text _builder_version=&#187;4.14.4&#8243; _module_preset=&#187;default&#187; global_colors_info=&#187;{}&#187;]<\/p>\n<p><strong>(\u0412\u0441\u044f \u0438\u043d\u0444\u043e\u0440\u043c\u0430\u0446\u0438\u044f \u043d\u0430 \u043d\u0435\u043c\u0435\u0446\u043a\u043e\u043c \u044f\u0437\u044b\u043a\u0435)<\/strong><\/p>\n<p><strong><\/strong><\/p>\n<p><strong><\/strong><\/p>\n<h2>Angaben zum Unternehmen:<\/h2>\n<p>Oksana Pederzoli<br \/>Hauptstrasse 98<br \/>4153 Reinach<\/p>\n<p>&nbsp;<\/p>\n<h2>Vertreten durch:<\/h2>\n<p>Oksana Pederzoli<\/p>\n<p>&nbsp;<\/p>\n<h2>Kontakt:<\/h2>\n<p>Mobil: +41 76 361 55 31<br \/>Email: <a href=\"mailto:ksenia@fuss-und-handpflege.ch\">ksenia[at]fuss-und-handpflege.ch<\/a><\/p>\n<p>&nbsp;<\/p>\n<h2>Autor<\/h2>\n<p>Oksana Pederzoli<\/p>\n<p>&nbsp;<\/p>\n<h2>Bilder<\/h2>\n<p>Oksana Pederzoli<\/p>\n<p><strong>Bildnachweis Adobe Stock<\/strong><br \/>Einstiegsseite <a href=\"https:\/\/fuss-und-handpflege.ch\/ru\/\">https:\/\/fuss-und-handpflege.ch\/<\/a><br \/>(AdobeStock_81990512)<\/p>\n<p>F\u00fcr Frauen <a href=\"https:\/\/fuss-und-handpflege.ch\/fuer-frauen\/\"> https:\/\/fuss-und-handpflege.ch\/fuer-frauen<\/a><br \/>(AdobeStock_48781528)<\/p>\n<p>F\u00fcr M\u00e4nner <a href=\"https:\/\/fuss-und-handpflege.ch\/fuer-maenner\/\">https:\/\/fuss-und-handpflege.ch\/fuer-maenner\/<\/a><br \/>(AdobeStock_265171157)<\/p>\n<p>&nbsp;<\/p>\n<h2>Streitschlichtung<\/h2>\n<p>Die Europ\u00e4ische Kommission stellt eine Plattform zur Online-Streitbeilegung (OS) bereit: <a href=\"https:\/\/ec.europa.eu\/consumers\/odr\" target=\"_blank\" rel=\"noopener noreferrer\">https:\/\/ec.europa.eu\/consumers\/odr<\/a>.<br \/>Unsere E-Mail-Adresse finden Sie oben im Impressum.<\/p>\n<p>Wir sind nicht bereit oder verpflichtet, an Streitbeilegungsverfahren vor einer Verbraucherschlichtungsstelle teilzunehmen.<\/p>\n<p>&nbsp;<\/p>\n<h3>Haftung f\u00fcr Inhalte<\/h3>\n<p>Als Diensteanbieter sind wir f\u00fcr eigene Inhalte auf diesen Seiten nach den allgemeinen Gesetzen verantwortlich. Wir als Diensteanbieter sind jedoch nicht verpflichtet, \u00fcbermittelte oder gespeicherte fremde Informationen zu \u00fcberwachen oder nach Umst\u00e4nden zu forschen, die auf eine rechtswidrige T\u00e4tigkeit hinweisen.<\/p>\n<p>Verpflichtungen zur Entfernung oder Sperrung der Nutzung von Informationen nach den allgemeinen Gesetzen bleiben hiervon unber\u00fchrt. Eine diesbez\u00fcgliche Haftung ist jedoch erst ab dem Zeitpunkt der Kenntnis einer konkreten Rechtsverletzung m\u00f6glich. Bei Bekanntwerden von entsprechenden Rechtsverletzungen werden wir diese Inhalte umgehend entfernen.<\/p>\n<p>&nbsp;<\/p>\n<h3>Haftung f\u00fcr Links<\/h3>\n<p>Unser Angebot enth\u00e4lt Links zu externen Websites Dritter, auf deren Inhalte wir keinen Einfluss haben. Deshalb k\u00f6nnen wir f\u00fcr diese fremden Inhalte auch keine Gew\u00e4hr \u00fcbernehmen. F\u00fcr die Inhalte der verlinkten Seiten ist stets der jeweilige Anbieter oder Betreiber der Seiten verantwortlich. Die verlinkten Seiten wurden zum Zeitpunkt der Verlinkung auf m\u00f6gliche Rechtsverst\u00f6sse \u00fcberpr\u00fcft. Rechtswidrige Inhalte waren zum Zeitpunkt der Verlinkung nicht erkennbar.<\/p>\n<p>Eine permanente inhaltliche Kontrolle der verlinkten Seiten ist jedoch ohne konkrete Anhaltspunkte einer Rechtsverletzung nicht zumutbar. Bei Bekanntwerden von Rechtsverletzungen werden wir derartige Links umgehend entfernen.<\/p>\n<p>&nbsp;<\/p>\n<h3>Urheberrecht<\/h3>\n<p>Die durch die Seitenbetreiber erstellten Inhalte und Werke auf diesen Seiten unterliegen dem Urheberrecht. Die Vervielf\u00e4ltigung, Bearbeitung, Verbreitung und jede Art der Verwertung ausserhalb der Grenzen des Urheberrechtes bed\u00fcrfen der schriftlichen Zustimmung des jeweiligen Autors bzw. Erstellers. Downloads und Kopien dieser Seite sind nur f\u00fcr den privaten, nicht kommerziellen Gebrauch gestattet.<\/p>\n<p>Soweit die Inhalte auf dieser Seite nicht vom Betreiber erstellt wurden, werden die Urheberrechte Dritter beachtet. Insbesondere werden Inhalte Dritter als solche gekennzeichnet. Sollten Sie trotzdem auf eine Urheberrechtsverletzung aufmerksam werden, bitten wir um einen entsprechenden Hinweis. Bei Bekanntwerden von Rechtsverletzungen werden wir derartige Inhalte umgehend entfernen.<\/p>\n<p>&nbsp;<\/p>\n<p>Informationen zum Datenschutz finden Sie <a href=\"\/datenschutz\/\">hier<\/a>.<\/p>\n<p><i>Die erw\u00e4hnten Personen oder Firmen d\u00fcrfen nicht in einer Kartei gespeichert werden und ihre Namen und Adressen nicht ohne Einverst\u00e4ndnis der genannten Personen oder Firmen genutzt werden.<\/i><\/p>\n<p>&nbsp;<\/p>\n<p>16.11.2021<\/p>\n<p>[\/et_pb_text][\/et_pb_column][\/et_pb_row][\/et_pb_section][et_pb_section fb_built=&#187;1&#8243; _builder_version=&#187;4.10.8&#8243; _module_preset=&#187;default&#187; background_color=&#187;#80ce08&#8243; global_module=&#187;50765&#8243; saved_tabs=&#187;all&#187; global_colors_info=&#187;{}&#187;][et_pb_row column_structure=&#187;1_3,1_3,1_3&#8243; _builder_version=&#187;4.10.8&#8243; _module_preset=&#187;default&#187; global_colors_info=&#187;{}&#187;][et_pb_column type=&#187;1_3&#8243; _builder_version=&#187;4.10.8&#8243; _module_preset=&#187;default&#187; global_colors_info=&#187;{}&#187;][et_pb_text _builder_version=&#187;4.14.4&#8243; _module_preset=&#187;default&#187; global_colors_info=&#187;{}&#187;]<\/p>\n<p><strong>\u0410\u0434\u0440\u0435\u0441:<\/strong><\/p>\n<p>Ksenia Beauty<br \/>Hauptstrasse 98<br \/>4153 Reinach<\/p>\n<p>\u041c\u043e\u0431\u0438\u043b\u044c\u043d\u044b\u0439: +41 76 361 55 31<br \/>\u042d\u043b\u0435\u043a\u0442\u0440\u043e\u043d\u043d\u0430\u044f \u043f\u043e\u0447\u0442\u0430:<br \/>ksenia [at] fuss-und-handpflege.ch<\/p>\n<p>[\/et_pb_text][\/et_pb_column][et_pb_column type=&#187;1_3&#8243; _builder_version=&#187;4.10.8&#8243; _module_preset=&#187;default&#187; global_colors_info=&#187;{}&#187;][et_pb_image src=&#187;https:\/\/fuss-und-handpflege.ch\/wp-content\/uploads\/2021\/10\/logo-ksenisa-150px.png&#187; title_text=&#187;logo-ksenisa-150px&#187; _builder_version=&#187;4.13.0&#8243; _module_preset=&#187;default&#187; custom_margin=&#187;|||-24px|false|false&#187; custom_margin_tablet=&#187;&#187; custom_margin_phone=&#187;&#187; custom_margin_last_edited=&#187;on|desktop&#187; custom_padding=&#187;|||0px|false|false&#187; global_colors_info=&#187;{}&#187;][\/et_pb_image][\/et_pb_column][et_pb_column type=&#187;1_3&#8243; _builder_version=&#187;4.10.8&#8243; _module_preset=&#187;default&#187; global_colors_info=&#187;{}&#187;][et_pb_text _builder_version=&#187;4.14.4&#8243; _module_preset=&#187;default&#187; hover_enabled=&#187;0&#8243; global_colors_info=&#187;{}&#187; sticky_enabled=&#187;0&#8243;]<\/p>\n<ul>\n<li><a href=\"\/ru\/kontakt\/\">\u041a\u043e\u043d\u0442\u0430\u043a\u0442<\/a><\/li>\n<li><a href=\"\/ru\/impressum\/\">O\u0442\u043f\u0435\u0447\u0430\u0442\u043e\u043a<\/a><\/li>\n<li><a href=\"\/ru\/datenschutz\/\">\u0417\u0430\u0449\u0438\u0442\u0430 \u0434\u0430\u043d\u043d\u044b\u0445<\/a><\/li>\n<\/ul>\n<p><br class=\"clear\" \/><\/p>\n<p>Made with\u00a0<span style=\"color: #ff0000;\">\u2665<\/span>\u00a0by\u00a0<a href=\"https:\/\/webelyne.ch\/\" target=\"_blank\" rel=\"noopener\">webelyne<\/a><\/p>\n<p>[\/et_pb_text][\/et_pb_column][\/et_pb_row][\/et_pb_section]<\/p>\n","protected":false},"excerpt":{"rendered":"<p>\u043e\u0442\u043f\u0435\u0447\u0430\u0442\u043e\u043a(\u0412\u0441\u044f \u0438\u043d\u0444\u043e\u0440\u043c\u0430\u0446\u0438\u044f \u043d\u0430 \u043d\u0435\u043c\u0435\u0446\u043a\u043e\u043c \u044f\u0437\u044b\u043a\u0435) Angaben zum Unternehmen: Oksana PederzoliHauptstrasse 984153 Reinach &nbsp; Vertreten durch: Oksana Pederzoli &nbsp; Kontakt: Mobil: +41 76 361 55 31Email: ksenia[at]fuss-und-handpflege.ch &nbsp; Autor Oksana Pederzoli &nbsp; Bilder Oksana Pederzoli Bildnachweis Adobe StockEinstiegsseite https:\/\/fuss-und-handpflege.ch\/(AdobeStock_81990512) F\u00fcr Frauen https:\/\/fuss-und-handpflege.ch\/fuer-frauen(AdobeStock_48781528) F\u00fcr M\u00e4nner https:\/\/fuss-und-handpflege.ch\/fuer-maenner\/(AdobeStock_265171157) &nbsp; Streitschlichtung Die Europ\u00e4ische Kommission stellt eine Plattform zur Online-Streitbeilegung (OS) [&hellip;]<\/p>\n","protected":false},"author":1,"featured_media":0,"parent":0,"menu_order":0,"comment_status":"closed","ping_status":"closed","template":"","meta":{"_et_pb_use_builder":"on","_et_pb_old_content":"","_et_gb_content_width":"","footnotes":""},"class_list":["post-50712","page","type-page","status-publish","hentry"],"yoast_head":"<!-- This site is optimized with the Yoast SEO plugin v27.4 - https:\/\/yoast.com\/product\/yoast-seo-wordpress\/ -->\n<title>\u043e\u0442\u043f\u0435\u0447\u0430\u0442\u043e\u043a | Ksenia Beauty<\/title>\n<meta name=\"description\" content=\"\u0417\u0434\u0435\u0441\u044c \u0432\u044b \u043d\u0430\u0439\u0434\u0435\u0442\u0435 \u0432\u0441\u044e \u0432\u0430\u0436\u043d\u0443\u044e \u0438\u043d\u0444\u043e\u0440\u043c\u0430\u0446\u0438\u044e \u043e\u0431\u043e \u043c\u043d\u0435 \u0438 \u043c\u043e\u0435\u0439 \u0441\u0442\u0443\u0434\u0438\u0438 \u043f\u043e \u0443\u0445\u043e\u0434\u0443 \u0437\u0430 \u043d\u043e\u0433\u0430\u043c\u0438 \u0438 \u0440\u0443\u043a\u0430\u043c\u0438 \u0432 \u0420\u0430\u0439\u043d\u0430\u0445\u0435, \u0411\u0430\u0437\u0435\u043b\u044c\u043b\u0430\u043d\u0434.\" \/>\n<meta name=\"robots\" content=\"index, follow, max-snippet:-1, max-image-preview:large, max-video-preview:-1\" \/>\n<link rel=\"canonical\" href=\"https:\/\/fuss-und-handpflege.ch\/ru\/impressum\/\" \/>\n<meta property=\"og:locale\" content=\"ru_RU\" \/>\n<meta property=\"og:type\" content=\"article\" \/>\n<meta property=\"og:title\" content=\"\u043e\u0442\u043f\u0435\u0447\u0430\u0442\u043e\u043a | Ksenia Beauty\" \/>\n<meta property=\"og:description\" content=\"\u0417\u0434\u0435\u0441\u044c \u0432\u044b \u043d\u0430\u0439\u0434\u0435\u0442\u0435 \u0432\u0441\u044e \u0432\u0430\u0436\u043d\u0443\u044e \u0438\u043d\u0444\u043e\u0440\u043c\u0430\u0446\u0438\u044e \u043e\u0431\u043e \u043c\u043d\u0435 \u0438 \u043c\u043e\u0435\u0439 \u0441\u0442\u0443\u0434\u0438\u0438 \u043f\u043e \u0443\u0445\u043e\u0434\u0443 \u0437\u0430 \u043d\u043e\u0433\u0430\u043c\u0438 \u0438 \u0440\u0443\u043a\u0430\u043c\u0438 \u0432 \u0420\u0430\u0439\u043d\u0430\u0445\u0435, \u0411\u0430\u0437\u0435\u043b\u044c\u043b\u0430\u043d\u0434.\" \/>\n<meta property=\"og:url\" content=\"https:\/\/fuss-und-handpflege.ch\/ru\/impressum\/\" \/>\n<meta property=\"og:site_name\" content=\"Ksenia Beauty\" \/>\n<meta property=\"article:modified_time\" content=\"2022-01-04T09:14:25+00:00\" \/>\n<meta name=\"twitter:card\" content=\"summary_large_image\" \/>\n<meta name=\"twitter:label1\" content=\"\u041f\u0440\u0438\u043c\u0435\u0440\u043d\u043e\u0435 \u0432\u0440\u0435\u043c\u044f \u0434\u043b\u044f \u0447\u0442\u0435\u043d\u0438\u044f\" \/>\n\t<meta name=\"twitter:data1\" content=\"4 \u043c\u0438\u043d\u0443\u0442\u044b\" \/>\n<script type=\"application\/ld+json\" class=\"yoast-schema-graph\">{\"@context\":\"https:\\\/\\\/schema.org\",\"@graph\":[{\"@type\":\"WebPage\",\"@id\":\"https:\\\/\\\/fuss-und-handpflege.ch\\\/ru\\\/impressum\\\/\",\"url\":\"https:\\\/\\\/fuss-und-handpflege.ch\\\/ru\\\/impressum\\\/\",\"name\":\"\u043e\u0442\u043f\u0435\u0447\u0430\u0442\u043e\u043a | Ksenia Beauty\",\"isPartOf\":{\"@id\":\"https:\\\/\\\/fuss-und-handpflege.ch\\\/ru\\\/#website\"},\"datePublished\":\"2021-11-16T10:51:16+00:00\",\"dateModified\":\"2022-01-04T09:14:25+00:00\",\"description\":\"\u0417\u0434\u0435\u0441\u044c \u0432\u044b \u043d\u0430\u0439\u0434\u0435\u0442\u0435 \u0432\u0441\u044e \u0432\u0430\u0436\u043d\u0443\u044e \u0438\u043d\u0444\u043e\u0440\u043c\u0430\u0446\u0438\u044e \u043e\u0431\u043e \u043c\u043d\u0435 \u0438 \u043c\u043e\u0435\u0439 \u0441\u0442\u0443\u0434\u0438\u0438 \u043f\u043e \u0443\u0445\u043e\u0434\u0443 \u0437\u0430 \u043d\u043e\u0433\u0430\u043c\u0438 \u0438 \u0440\u0443\u043a\u0430\u043c\u0438 \u0432 \u0420\u0430\u0439\u043d\u0430\u0445\u0435, \u0411\u0430\u0437\u0435\u043b\u044c\u043b\u0430\u043d\u0434.\",\"breadcrumb\":{\"@id\":\"https:\\\/\\\/fuss-und-handpflege.ch\\\/ru\\\/impressum\\\/#breadcrumb\"},\"inLanguage\":\"ru-RU\",\"potentialAction\":[{\"@type\":\"ReadAction\",\"target\":[\"https:\\\/\\\/fuss-und-handpflege.ch\\\/ru\\\/impressum\\\/\"]}]},{\"@type\":\"BreadcrumbList\",\"@id\":\"https:\\\/\\\/fuss-und-handpflege.ch\\\/ru\\\/impressum\\\/#breadcrumb\",\"itemListElement\":[{\"@type\":\"ListItem\",\"position\":1,\"name\":\"Startseite\",\"item\":\"https:\\\/\\\/fuss-und-handpflege.ch\\\/ru\\\/\"},{\"@type\":\"ListItem\",\"position\":2,\"name\":\"\u043e\u0442\u043f\u0435\u0447\u0430\u0442\u043e\u043a\"}]},{\"@type\":\"WebSite\",\"@id\":\"https:\\\/\\\/fuss-und-handpflege.ch\\\/ru\\\/#website\",\"url\":\"https:\\\/\\\/fuss-und-handpflege.ch\\\/ru\\\/\",\"name\":\"Ksenia Beauty\",\"description\":\"Fuss- und Handpflege | Reinach BL\",\"publisher\":{\"@id\":\"https:\\\/\\\/fuss-und-handpflege.ch\\\/ru\\\/#organization\"},\"potentialAction\":[{\"@type\":\"SearchAction\",\"target\":{\"@type\":\"EntryPoint\",\"urlTemplate\":\"https:\\\/\\\/fuss-und-handpflege.ch\\\/ru\\\/?s={search_term_string}\"},\"query-input\":{\"@type\":\"PropertyValueSpecification\",\"valueRequired\":true,\"valueName\":\"search_term_string\"}}],\"inLanguage\":\"ru-RU\"},{\"@type\":\"Organization\",\"@id\":\"https:\\\/\\\/fuss-und-handpflege.ch\\\/ru\\\/#organization\",\"name\":\"Ksenia Beauty Fuss- und Handpflege\",\"url\":\"https:\\\/\\\/fuss-und-handpflege.ch\\\/ru\\\/\",\"logo\":{\"@type\":\"ImageObject\",\"inLanguage\":\"ru-RU\",\"@id\":\"https:\\\/\\\/fuss-und-handpflege.ch\\\/ru\\\/#\\\/schema\\\/logo\\\/image\\\/\",\"url\":\"https:\\\/\\\/fuss-und-handpflege.ch\\\/wp-content\\\/uploads\\\/2021\\\/10\\\/logo-ksenisa-150px.png\",\"contentUrl\":\"https:\\\/\\\/fuss-und-handpflege.ch\\\/wp-content\\\/uploads\\\/2021\\\/10\\\/logo-ksenisa-150px.png\",\"width\":150,\"height\":150,\"caption\":\"Ksenia Beauty Fuss- und Handpflege\"},\"image\":{\"@id\":\"https:\\\/\\\/fuss-und-handpflege.ch\\\/ru\\\/#\\\/schema\\\/logo\\\/image\\\/\"}}]}<\/script>\n<!-- \/ Yoast SEO plugin. -->","yoast_head_json":{"title":"\u043e\u0442\u043f\u0435\u0447\u0430\u0442\u043e\u043a | Ksenia Beauty","description":"\u0417\u0434\u0435\u0441\u044c \u0432\u044b \u043d\u0430\u0439\u0434\u0435\u0442\u0435 \u0432\u0441\u044e \u0432\u0430\u0436\u043d\u0443\u044e \u0438\u043d\u0444\u043e\u0440\u043c\u0430\u0446\u0438\u044e \u043e\u0431\u043e \u043c\u043d\u0435 \u0438 \u043c\u043e\u0435\u0439 \u0441\u0442\u0443\u0434\u0438\u0438 \u043f\u043e \u0443\u0445\u043e\u0434\u0443 \u0437\u0430 \u043d\u043e\u0433\u0430\u043c\u0438 \u0438 \u0440\u0443\u043a\u0430\u043c\u0438 \u0432 \u0420\u0430\u0439\u043d\u0430\u0445\u0435, \u0411\u0430\u0437\u0435\u043b\u044c\u043b\u0430\u043d\u0434.","robots":{"index":"index","follow":"follow","max-snippet":"max-snippet:-1","max-image-preview":"max-image-preview:large","max-video-preview":"max-video-preview:-1"},"canonical":"https:\/\/fuss-und-handpflege.ch\/ru\/impressum\/","og_locale":"ru_RU","og_type":"article","og_title":"\u043e\u0442\u043f\u0435\u0447\u0430\u0442\u043e\u043a | Ksenia Beauty","og_description":"\u0417\u0434\u0435\u0441\u044c \u0432\u044b \u043d\u0430\u0439\u0434\u0435\u0442\u0435 \u0432\u0441\u044e \u0432\u0430\u0436\u043d\u0443\u044e \u0438\u043d\u0444\u043e\u0440\u043c\u0430\u0446\u0438\u044e \u043e\u0431\u043e \u043c\u043d\u0435 \u0438 \u043c\u043e\u0435\u0439 \u0441\u0442\u0443\u0434\u0438\u0438 \u043f\u043e \u0443\u0445\u043e\u0434\u0443 \u0437\u0430 \u043d\u043e\u0433\u0430\u043c\u0438 \u0438 \u0440\u0443\u043a\u0430\u043c\u0438 \u0432 \u0420\u0430\u0439\u043d\u0430\u0445\u0435, \u0411\u0430\u0437\u0435\u043b\u044c\u043b\u0430\u043d\u0434.","og_url":"https:\/\/fuss-und-handpflege.ch\/ru\/impressum\/","og_site_name":"Ksenia Beauty","article_modified_time":"2022-01-04T09:14:25+00:00","twitter_card":"summary_large_image","twitter_misc":{"\u041f\u0440\u0438\u043c\u0435\u0440\u043d\u043e\u0435 \u0432\u0440\u0435\u043c\u044f \u0434\u043b\u044f \u0447\u0442\u0435\u043d\u0438\u044f":"4 \u043c\u0438\u043d\u0443\u0442\u044b"},"schema":{"@context":"https:\/\/schema.org","@graph":[{"@type":"WebPage","@id":"https:\/\/fuss-und-handpflege.ch\/ru\/impressum\/","url":"https:\/\/fuss-und-handpflege.ch\/ru\/impressum\/","name":"\u043e\u0442\u043f\u0435\u0447\u0430\u0442\u043e\u043a | Ksenia Beauty","isPartOf":{"@id":"https:\/\/fuss-und-handpflege.ch\/ru\/#website"},"datePublished":"2021-11-16T10:51:16+00:00","dateModified":"2022-01-04T09:14:25+00:00","description":"\u0417\u0434\u0435\u0441\u044c \u0432\u044b \u043d\u0430\u0439\u0434\u0435\u0442\u0435 \u0432\u0441\u044e \u0432\u0430\u0436\u043d\u0443\u044e \u0438\u043d\u0444\u043e\u0440\u043c\u0430\u0446\u0438\u044e \u043e\u0431\u043e \u043c\u043d\u0435 \u0438 \u043c\u043e\u0435\u0439 \u0441\u0442\u0443\u0434\u0438\u0438 \u043f\u043e \u0443\u0445\u043e\u0434\u0443 \u0437\u0430 \u043d\u043e\u0433\u0430\u043c\u0438 \u0438 \u0440\u0443\u043a\u0430\u043c\u0438 \u0432 \u0420\u0430\u0439\u043d\u0430\u0445\u0435, \u0411\u0430\u0437\u0435\u043b\u044c\u043b\u0430\u043d\u0434.","breadcrumb":{"@id":"https:\/\/fuss-und-handpflege.ch\/ru\/impressum\/#breadcrumb"},"inLanguage":"ru-RU","potentialAction":[{"@type":"ReadAction","target":["https:\/\/fuss-und-handpflege.ch\/ru\/impressum\/"]}]},{"@type":"BreadcrumbList","@id":"https:\/\/fuss-und-handpflege.ch\/ru\/impressum\/#breadcrumb","itemListElement":[{"@type":"ListItem","position":1,"name":"Startseite","item":"https:\/\/fuss-und-handpflege.ch\/ru\/"},{"@type":"ListItem","position":2,"name":"\u043e\u0442\u043f\u0435\u0447\u0430\u0442\u043e\u043a"}]},{"@type":"WebSite","@id":"https:\/\/fuss-und-handpflege.ch\/ru\/#website","url":"https:\/\/fuss-und-handpflege.ch\/ru\/","name":"Ksenia Beauty","description":"Fuss- und Handpflege | Reinach BL","publisher":{"@id":"https:\/\/fuss-und-handpflege.ch\/ru\/#organization"},"potentialAction":[{"@type":"SearchAction","target":{"@type":"EntryPoint","urlTemplate":"https:\/\/fuss-und-handpflege.ch\/ru\/?s={search_term_string}"},"query-input":{"@type":"PropertyValueSpecification","valueRequired":true,"valueName":"search_term_string"}}],"inLanguage":"ru-RU"},{"@type":"Organization","@id":"https:\/\/fuss-und-handpflege.ch\/ru\/#organization","name":"Ksenia Beauty Fuss- und Handpflege","url":"https:\/\/fuss-und-handpflege.ch\/ru\/","logo":{"@type":"ImageObject","inLanguage":"ru-RU","@id":"https:\/\/fuss-und-handpflege.ch\/ru\/#\/schema\/logo\/image\/","url":"https:\/\/fuss-und-handpflege.ch\/wp-content\/uploads\/2021\/10\/logo-ksenisa-150px.png","contentUrl":"https:\/\/fuss-und-handpflege.ch\/wp-content\/uploads\/2021\/10\/logo-ksenisa-150px.png","width":150,"height":150,"caption":"Ksenia Beauty Fuss- und Handpflege"},"image":{"@id":"https:\/\/fuss-und-handpflege.ch\/ru\/#\/schema\/logo\/image\/"}}]}},"_links":{"self":[{"href":"https:\/\/fuss-und-handpflege.ch\/ru\/wp-json\/wp\/v2\/pages\/50712","targetHints":{"allow":["GET"]}}],"collection":[{"href":"https:\/\/fuss-und-handpflege.ch\/ru\/wp-json\/wp\/v2\/pages"}],"about":[{"href":"https:\/\/fuss-und-handpflege.ch\/ru\/wp-json\/wp\/v2\/types\/page"}],"author":[{"embeddable":true,"href":"https:\/\/fuss-und-handpflege.ch\/ru\/wp-json\/wp\/v2\/users\/1"}],"replies":[{"embeddable":true,"href":"https:\/\/fuss-und-handpflege.ch\/ru\/wp-json\/wp\/v2\/comments?post=50712"}],"version-history":[{"count":14,"href":"https:\/\/fuss-und-handpflege.ch\/ru\/wp-json\/wp\/v2\/pages\/50712\/revisions"}],"predecessor-version":[{"id":51045,"href":"https:\/\/fuss-und-handpflege.ch\/ru\/wp-json\/wp\/v2\/pages\/50712\/revisions\/51045"}],"wp:attachment":[{"href":"https:\/\/fuss-und-handpflege.ch\/ru\/wp-json\/wp\/v2\/media?parent=50712"}],"curies":[{"name":"wp","href":"https:\/\/api.w.org\/{rel}","templated":true}]}}